{"id":467,"date":"2025-10-09T12:30:57","date_gmt":"2025-10-09T12:30:57","guid":{"rendered":"https:\/\/fysioroosmalen.nl\/?page_id=467"},"modified":"2025-10-09T12:35:31","modified_gmt":"2025-10-09T12:35:31","slug":"onze-algemene-voorwaarden","status":"publish","type":"page","link":"https:\/\/fysioroosmalen.nl\/?page_id=467","title":{"rendered":"Onze\u00a0algemene voorwaarden"},"content":{"rendered":"\n<p>Op deze pagina kun&nbsp;je&nbsp;onze algemene voorwaarden lezen. Onze algemene voorwaarden zijn van toepassing zolang je&nbsp;onder&nbsp;behandeling bent en\/of deelneemt aan een cursus of training. Wij gaan ervan uit dat jij&nbsp;je&nbsp;conformeert aan deze voorwaarden. Deelname aan activiteiten in onze&nbsp;praktijken geschiedt&nbsp;op eigen risico.<\/p>\n\n\n\n<p>Artikel 1. definities<\/p>\n\n\n\n<p>1. Behandelaar: degene die de hulp op het gebied van de individuele gezondheidszorg biedt aan de pati\u00ebnt op grond van een behandelovereenkomst;<\/p>\n\n\n\n<p>2. Behandelovereenkomst: de overeenkomst tussen de pati\u00ebnt en Fysio Roosmalen met betrekking tot de te leveren hulp op het gebied van de individuele gezondheidszorg;<\/p>\n\n\n\n<p>3. Pati\u00ebnt: degene die op grond van een behandelovereenkomst hulp op het gebied van de individuele gezondheidszorg ontvangt;<\/p>\n\n\n\n<p>4. Bevestiging behandelovereenkomst: document waarin de pati\u00ebnt vragen beantwoordt met betrekking tot zijn\/haar persoonlijke situatie, fysieke gesteldheid en persoonlijke doelen met betrekking tot de behandeling alsmede met betrekking tot de evaluatie en de rapportage tijdens en na afloop van de behandeling;<\/p>\n\n\n\n<p>5. Behandelprogramma: een op de pati\u00ebnt gericht behandelplan dat als doel heeft verlichting of oplossing van klachten;<\/p>\n\n\n\n<p>6. FYSIO ROOSMALEN: gebruiker van deze algemene voorwaarden en ingeschreven bij de Kamer van Koophandel onder nr. 96924373.<\/p>\n\n\n\n<p>Artikel 2. toepasselijkheid<\/p>\n\n\n\n<p>1. Deze algemene voorwaarden zijn van toepassing op alle behandelovereenkomsten tussen Fysio Roosmalen en pati\u00ebnt, voor zover door partijen daarvan niet schriftelijk en uitdrukkelijk wordt afgeweken;<\/p>\n\n\n\n<p>2. Deze algemene voorwaarden zijn ook van toepassing op eventuele aanvullende overeenkomsten, behandelovereenkomsten en dienstverlening aan de pati\u00ebnt;<\/p>\n\n\n\n<p>3. De gedrags- en beroepsregels van het Koninklijk Genootschap Fysiotherapie (KNGF) maken deel uit van de overeenkomst. De pati\u00ebnt is ervan op de hoogte dat de behandelaar de door het Koninklijk Genootschap Fysiotherapie (KNGF) &nbsp;opgelegde gedragsregels bij de uitoefening van zijn praktijk dient te respecteren. De pati\u00ebnt aanvaardt de gevolgen die hieruit kunnen voortvloeien;<\/p>\n\n\n\n<p>4. Wanneer u een dienst bij ons afneemt gaat u akkoord met deze algemene voorwaarden en ons privacybeleid.<\/p>\n\n\n\n<p>5. Alle pati\u00ebnten kunnen deze algemene voorwaarden op de website van Fysio Roosmalen raadplegen;<\/p>\n\n\n\n<p>6. Fysio Roosmalen is gerechtigd, indien daartoe naar haar oordeel de noodzaak bestaat, de onderhavige algemene voorwaarden te wijzigen en\/of aan te vullen.<\/p>\n\n\n\n<p>Artikel 3. totstandkoming behandelovereenkomst<\/p>\n\n\n\n<p>1. De behandelaar zal met een pati\u00ebnt, die de wens te kennen heeft gegeven hulp en\/of advies te willen ontvangen op het gebied van de gezondheidszorg, een daarop gerichte behandelovereenkomst aangaan;<\/p>\n\n\n\n<p>2. Kan de behandelaar deze in lid 1 bedoelde behandelovereenkomst niet aangaan dan zal hij de pati\u00ebnt de reden uiteenzetten en de pati\u00ebnt adviseren bij het vinden van andere passende zorg;<\/p>\n\n\n\n<p>3. Van de behandelovereenkomst maakt deel uit de bevestiging behandelovereenkomst en het behandelprogramma alsmede deze algemene voorwaarden.<\/p>\n\n\n\n<p>Artikel 4. verplichtingen behandelaar<\/p>\n\n\n\n<p>1. De behandelaar handelt voor de uitvoering van deze overeenkomst conform afdeling 7.7.5 BW (de overeenkomst inzake geneeskundige behandeling) en de voor zijn\/haar beroepsgroep geldende voorschriften, modelregelingen en\/of protocollen;<\/p>\n\n\n\n<p>2. De behandelaar is verplicht pati\u00ebnt te informeren over het voorgenomen onderzoek en\/of de voorgestelde behandeling en over de ontwikkelingen omtrent het onderzoek, de behandeling en de gezondheidstoestand van de pati\u00ebnt, tenzij pati\u00ebnt heeft aangegeven geen inlichtingen te willen ontvangen;<\/p>\n\n\n\n<p>4. De behandelaar houdt een dossier bij met betrekking tot de behandeling van pati\u00ebnt;<\/p>\n\n\n\n<p>5. De behandelaar is verplicht geheimhouding te betrachten ten aanzien van de behandeling van de pati\u00ebnt, tenzij de pati\u00ebnt toestemming heeft gegeven voor de verstrekking van informatie, geheimhouding in strijd is met een wettelijke plicht of geheimhouding in redelijkheid niet van de behandelaar kan worden gevergd;<\/p>\n\n\n\n<p>5. De behandelaar neemt bij zijn\/haar werkzaamheden de eisen in acht die volgens de algemeen aanvaarde standaard aan een behandelaar op grond van zijn beroep en rekening houdend met zijn individuele deskundigheid redelijkerwijs mogen worden gesteld. De door de beroepsorganisatie opgestelde gedragsregels, richtlijnen en algemene kwaliteitscriteria gelden daarbij als uitgangspunt.<\/p>\n\n\n\n<p>Artikel 5. verplichtingen patient<\/p>\n\n\n\n<p>1. Pati\u00ebnt is verplicht naar beste weten inlichtingen te verschaffen en medewerking te verlenen ten behoeve van de behandeling;<\/p>\n\n\n\n<p>2, Indien pati\u00ebnt niet bereid is bepaalde adviezen van de behandelaar te volgen, zal hij dit met hem bespreken, althans hem dit mededelen;<\/p>\n\n\n\n<p>3. Pati\u00ebnt zal zich op verzoek van de behandelaar identificeren;<\/p>\n\n\n\n<p>4. Wanneer pati\u00ebnt verhinderd is een afspraak van de behandelaar na te komen, dan zal hij de afspraak tijdig, dat wil zeggen minimaal 24 uur van te voren en bij overmacht minimaal 2 uur van tevoren afzeggen. Afspraken die niet of te laat worden afgezegd, zullen in rekening worden gebracht. Dit geldt ook als patient te laat is voor een afspraak en er geen tijd meer is voor een behandeling.<\/p>\n\n\n\n<p>Artikel 6. betalingsvoorwaarden<\/p>\n\n\n\n<p>1. Deze betalingsvoorwaarden zijn onlosmakelijk verbonden met de behandelovereenkomst en overige overeenkomsten tussen u als pati\u00ebnt en Fysio Roosmalen;<\/p>\n\n\n\n<p>2. De pati\u00ebnt is onder alle omstandigheden verantwoordelijk voor de volledige betaling van de aan de pati\u00ebnt of namens de pati\u00ebnt verleende diensten;<\/p>\n\n\n\n<p>3. De declaratie voor verzekerde zorg wordt rechtstreeks, middels een schriftelijke factuur, naar de pati\u00ebnt gestuurd;<\/p>\n\n\n\n<p>4. Afspraken dienen 24 uur van tevoren geannuleerd te worden. Afspraken welke niet of te laat geannuleerd worden, zullen in rekening worden gebracht;<\/p>\n\n\n\n<p>6. Betaling van factuur geschiedt binnen veertien dagen na de factuurdatum. Na het verstrijken van deze termijn treedt verzuim in en staat het Fysio Roosmalen vrij om zonder nadere ingebrekestelling incassomaatregelen te nemen. Naast de declaratie zal ook wettelijke rente worden gevorderd. Alle met de incasso van gedeclareerde bedragen gemoeide kosten, waarvan ook de buitengerechtelijke kosten, komen ten laste van de pati\u00ebnt.&nbsp;<\/p>\n\n\n\n<p>Artikel 7. kwaliteit<\/p>\n\n\n\n<p>1.&nbsp;De praktijk voldoet aan de wettelijke verplichtingen met betrekking tot kwaliteit. Onze fysiotherapeuten&nbsp;binnen onze praktijk zijn geregistreerd in het Centrale&nbsp;Kwaliteitsregister van het Keurmerk Fysiotherapie&nbsp;en in het B.I.G.-register. Onze oefentherapeuten zijn geregistreerd in het Centrale Kwaliteitsregister voor Paramedici.<\/p>\n\n\n\n<p>Artikel 8. aansprakelijkheid<\/p>\n\n\n\n<p>1. Fysio Roosmalen is niet aansprakelijk voor schade, van welke aard ook, ontstaan door dat is uitgegaan van de door pati\u00ebnt verstrekte onjuiste en\/of onvolledige gegevens, tenzij deze onjuistheid of onvolledigheid voor de praktijk kenbaar hoorde te zijn;<\/p>\n\n\n\n<p>2. Fysio Roosmalen is niet aansprakelijk voor uit een opschorting van behandelingen en\/of dienstverlening voor de pati\u00ebnt voortvloeiende schade, indien die opschorting het gevolg is van het verzuim van pati\u00ebnt om tot tijdige betaling van de declaraties van de praktijk over te gaan;<\/p>\n\n\n\n<p>3. Derden kunnen aan de inhoud van de verrichte behandelingen en\/of dienstverlening geen rechten ontlenen. De pati\u00ebnt vrijwaart Fysio Roosmalen tegen vorderingen van derden die stellen schade te hebben geleden door of verband houdende met door Fysio Roosmalen ten behoeve van de pati\u00ebnt verrichte behandelingen en\/of dienstverlening;<\/p>\n\n\n\n<p>4. Fysio Roosmalen is niet aansprakelijk voor eventuele tekortkomingen van met betrekking tot de overeenkomst door derden verrichte behandelingen en\/of dienstverlening;<\/p>\n\n\n\n<p>5. Overigens is iedere aansprakelijkheid van Fysio Roosmalen voor schade die voortvloeit uit, of verband houdt met een toerekenbare tekortkoming of onrechtmatige daad, of die is gebaseerd op enige andere rechtsgrond, beperkt tot het door de beroeps-aansprakelijkheidsverzekeraar van Fysio Roosmalen te dien zake uitgekeerde of uit te keren bedrag, vermeerderd met haar eigen risico onder die verzekering, tenzij er sprake is van opzet of grove schuld;<\/p>\n\n\n\n<p>6. Beperkingen van aansprakelijkheid ten gunste van Fysio Roosmalen strekken ook ten gunste van werknemers en niet-ondergeschikte vertegenwoordigers en hulppersonen van Fysio Roosmalen;<\/p>\n\n\n\n<p>7. Alle aanspraken van pati\u00ebnt vervallen twaalf maanden na het moment, waarop de betrokkene bekend werd of redelijkerwijs bekend kon zijn met het bestaan van deze vorderingsrechten of andere rechten of bevoegdheden;<\/p>\n\n\n\n<p>8. Als de beroepsaansprakelijkheidsverzekeraar om welke reden dan ook niet tot uitkering overgaat, is iedere aansprakelijkheid beperkt tot het bedrag dat voor de behandelingen en\/of dienstverlening in de zaak in verband waarmee de schade is ontstaan door de pati\u00ebnt aan Fysio Roosmalen is betaald, met een maximum van \u20ac 1.000,00;<\/p>\n\n\n\n<p>9. Derden kunnen aan de inhoud van de verrichte behandelingen en\/of dienstverlening geen rechten ontlenen. De pati\u00ebnt vrijwaart Fysio Roosmalen tegen vorderingen van derden die stellen schade te hebben geleden door of verband houdende met door Fysio Roosmalen ten behoeve van de pati\u00ebnt verrichte behandelingen en\/of dienstverlening.<\/p>\n\n\n\n<p>Artikel 9. intellectuele eigendomsrechten<\/p>\n\n\n\n<p>1. Het is pati\u00ebnt zonder voorafgaande schriftelijke toestemming niet toegestaan door of namens Fysio Roosmalen geproduceerde adviezen, contracten of andere voortbrengselen van de geest al dan niet met inschakeling van derden te verveelvoudigen, te openbaren en\/of te exploiteren.<\/p>\n\n\n\n<p>Artikel 10. archivering<\/p>\n\n\n\n<p>1. Fysio Roosmalen zal het tijdens de uitvoering van de behandelingen en\/of dienstverlening &nbsp;gevormde dossier gedurende tenminste 5 jaar na be\u00ebindiging van haar behandelingen en\/of dienstverlening en sluiting van het dossier bewaren;<\/p>\n\n\n\n<p>2. De financi\u00eble gegevens worden tenminste gedurende 7 jaar bewaard;<\/p>\n\n\n\n<p>3. Met het verstrijken van de in het eerste lid genoemde periode is Fysio Roosmalen gerechtigd om het dossier te vernietigen;<\/p>\n\n\n\n<p>4. Op verzoek van de pati\u00ebnt kan binnen de in het eerste lid genoemde termijn het dossier tegen vergoeding van de werkelijk te maken kosten worden gelicht uit het archief.<\/p>\n\n\n\n<p>Artikel 11. privacy<\/p>\n\n\n\n<p>1. De praktijk voldoet aan de wettelijke verplichtingen met betrekking tot&nbsp;geheimhoudingsplicht en persoonsregistratie richtlijnen. Tevens is uw privacy gewaarborgd met betrekking tot de wettelijke verplichtingen Bescherming Persoonsgegevens;<\/p>\n\n\n\n<p>2. Uw behandelaar houdt een registratie bij van uw medische en persoonlijke gegevens. &nbsp;Op deze registratie is de wet op de Persoonsgegevens van toepassing. Deze wet bevat regels met betrekking tot het doel van de registratie, de aard van de gegevens die worden geregistreerd, het beheer van de gegevens, de personen die toegang hebben tot die gegevens en het inzagerecht van de pati\u00ebnt. Al deze zaken zijn in een reglement vastgelegd.<\/p>\n\n\n\n<p>Artikel 11a. privacy reglement<\/p>\n\n\n\n<p>1. Naast de behandelaar die u behandelt,&nbsp;heeft ook een beperkt aantal andere personen toegang tot de gegevens, die in de registratie zijn opgenomen.&nbsp;Dit zijn bijvoorbeeld de waarnemers, andere behandelaars in de praktijk, eventuele stagiaires en administratieve krachten. Al deze personen hebben een geheimhoudingsplicht;<\/p>\n\n\n\n<p>2. U heeft het recht om de gegevens die over u zijn vastgelegd in te zien. Indien u meent dat gegevens onjuist zijn vastgelegd kunt u de behandelaar verzoeken deze te wijzigen;<\/p>\n\n\n\n<p>3. Alleen gegevens die te maken hebben met de behandeling worden in het medisch dossier opgeslagen;<\/p>\n\n\n\n<p>4. Teneinde onze dienstverlening verder te kunnen ontwikkelen en op een hoog peil te houden moet er wetenschappelijk onderzoek worden verricht. Daarvoor is het ondermeer noodzakelijk dat er statistieken worden opgesteld. Als uw gegevens daarvoor worden gebruikt zullen deze, om uw privacy te waarborgen, niet tot u persoonlijk herleidbaar zijn (anoniem). Als u er bezwaar tegen heeft dat uw gegevens voor (anoniem) wetenschappelijk onderzoek worden gebruikt kunt u dat mededelen aan uw behandelaar;<\/p>\n\n\n\n<p>5. Gegevens van de pati\u00ebnt worden niet aan derden verstrekt, ook niet aan naaste familie. Gegevens worden pas vrijgegeven nadat de pati\u00ebnt hiervoor toestemming heeft gegeven. Ook na overlijden worden de gegevens niet openbaar gemaakt;<\/p>\n\n\n\n<p>6. Nadat de pati\u00ebnt behandeld is, worden de gegevens 5 jaar zodanig gearchiveerd dat alleen een beperkte groep mensen deze gegevens in kan zien. Indien u van mening bent dat de praktijk niet op de juiste manier met uw gegevens omgaat, kunt u dit, via de geldende klachtenregeling binnen de praktijk, kenbaar maken.<\/p>\n\n\n\n<p>Artikel 12. klachten- en geschillenregeling<\/p>\n\n\n\n<p>1. Fysio Roosmalen neemt deel aan de&nbsp;<a href=\"https:\/\/defysiotherapeut.com\/wp-content\/uploads\/2021\/11\/KNGF_meldformulier_klachten.pdf\" target=\"_blank\" rel=\"noreferrer noopener\">klachtenregeling van het KNGF<\/a>.<\/p>\n\n\n\n<p>Artikel 13. toepasselijk recht en forumkeuze<\/p>\n\n\n\n<p>1. Op alle overeenkomsten is uitsluitend Nederlands recht van toepassing;<\/p>\n\n\n\n<p>2. De absoluut bevoegde rechter in het arrondissement Roermond is tevens bevoegd kennis te nemen van geschillen die voortvloeien uit hoofde van de met de pati\u00ebnt gesloten overeenkomsten;<\/p>\n\n\n\n<p>3. Deze algemene voorwaarden zijn geldend vanaf 1 juni 2024 op de lopende behandelingen en\/of dienstverlening en nieuwe behandelingen en\/of dienstverlening die Fysio Roosmalen uitvoert en\/of levert.<\/p>\n\n\n\n<p><\/p>\n","protected":false},"excerpt":{"rendered":"<p>Op deze pagina kun&nbsp;je&nbsp;onze algemene voorwaarden lezen. Onze algemene voorwaarden zijn van toepassing zolang je&nbsp;onder&nbsp;behandeling bent en\/of deelneemt aan een cursus of training. Wij gaan ervan uit dat jij&nbsp;je&nbsp;conformeert aan deze voorwaarden. Deelname aan activiteiten in onze&nbsp;praktijken geschiedt&nbsp;op eigen risico. Artikel 1. definities 1. Behandelaar: degene die de hulp op het gebied van de individuele [&hellip;]<\/p>\n","protected":false},"author":2,"featured_media":0,"parent":0,"menu_order":0,"comment_status":"closed","ping_status":"closed","template":"","meta":{"_et_pb_use_builder":"off","_et_pb_old_content":"","_et_gb_content_width":"1080","footnotes":""},"class_list":["post-467","page","type-page","status-publish","hentry"],"_links":{"self":[{"href":"https:\/\/fysioroosmalen.nl\/index.php?rest_route=\/wp\/v2\/pages\/467","targetHints":{"allow":["GET"]}}],"collection":[{"href":"https:\/\/fysioroosmalen.nl\/index.php?rest_route=\/wp\/v2\/pages"}],"about":[{"href":"https:\/\/fysioroosmalen.nl\/index.php?rest_route=\/wp\/v2\/types\/page"}],"author":[{"embeddable":true,"href":"https:\/\/fysioroosmalen.nl\/index.php?rest_route=\/wp\/v2\/users\/2"}],"replies":[{"embeddable":true,"href":"https:\/\/fysioroosmalen.nl\/index.php?rest_route=%2Fwp%2Fv2%2Fcomments&post=467"}],"version-history":[{"count":1,"href":"https:\/\/fysioroosmalen.nl\/index.php?rest_route=\/wp\/v2\/pages\/467\/revisions"}],"predecessor-version":[{"id":468,"href":"https:\/\/fysioroosmalen.nl\/index.php?rest_route=\/wp\/v2\/pages\/467\/revisions\/468"}],"wp:attachment":[{"href":"https:\/\/fysioroosmalen.nl\/index.php?rest_route=%2Fwp%2Fv2%2Fmedia&parent=467"}],"curies":[{"name":"wp","href":"https:\/\/api.w.org\/{rel}","templated":true}]}}